{"id":534,"date":"2020-12-05T10:21:03","date_gmt":"2020-12-05T09:21:03","guid":{"rendered":"https:\/\/wpsubseason.virtus3-projekti.com\/?page_id=534"},"modified":"2021-04-16T11:06:02","modified_gmt":"2021-04-16T09:06:02","slug":"startsite","status":"publish","type":"page","link":"https:\/\/www.subseason.com\/de\/","title":{"rendered":"Startsite"},"content":{"rendered":"<h2>Lo\u0161inj<\/h2>\n<p>Mildes Klima, reiche Artenvielfalt, angenehme Atmosph\u00e4re und 250 Kultur- und Unterhaltungsveranstaltungen &#8211; dies sind nur einige der Beinamen, dank derer sich der Lo\u0161inj-Archipel als Insel der Vitalit\u00e4t auf dem Weltmarkt positioniert hat. Die Tradition des Gesundheitstourismus seit mehr als 125 Jahren ist ein wichtiger Teil des Angebots, und die Kombination der D\u00fcfte von dichtem Kiefernwald und Heilkr\u00e4utern und Seeaerosolen schafft eine einzigartige Aromatherapie im Freien.<\/p>\n<p>Hochwertiges Meer und erstklassige Luft mit mehr als 200 Sonnentagen im Jahr mit 1018 Pflanzenarten, von denen 939 zur einheimischen Flora geh\u00f6ren, machen Lo\u0161inj zu einem Aromatherapiezentrum und einem Ziel f\u00fcr Vitalit\u00e4t, Gesundheitstourismus, \u00f6kologisch bewusstes und modernes Reiseziel.<\/p>\n","protected":false},"excerpt":{"rendered":"<p>Lo\u0161inj Mildes Klima, reiche Artenvielfalt, angenehme Atmosph\u00e4re und 250 Kultur- und Unterhaltungsveranstaltungen &#8211; dies sind nur einige der Beinamen, dank derer sich der Lo\u0161inj-Archipel als Insel der Vitalit\u00e4t auf dem Weltmarkt positioniert hat. Die Tradition des Gesundheitstourismus seit mehr als 125 Jahren ist ein wichtiger Teil des Angebots, und die Kombination der D\u00fcfte von dichtem [&hellip;]<\/p>\n","protected":false},"author":2,"featured_media":138,"parent":0,"menu_order":0,"comment_status":"closed","ping_status":"closed","template":"front-page.php","meta":{"_acf_changed":false,"inline_featured_image":false,"footnotes":""},"class_list":["post-534","page","type-page","status-publish","has-post-thumbnail","hentry"],"acf":[],"_links":{"self":[{"href":"https:\/\/www.subseason.com\/de\/wp-json\/wp\/v2\/pages\/534","targetHints":{"allow":["GET"]}}],"collection":[{"href":"https:\/\/www.subseason.com\/de\/wp-json\/wp\/v2\/pages"}],"about":[{"href":"https:\/\/www.subseason.com\/de\/wp-json\/wp\/v2\/types\/page"}],"author":[{"embeddable":true,"href":"https:\/\/www.subseason.com\/de\/wp-json\/wp\/v2\/users\/2"}],"replies":[{"embeddable":true,"href":"https:\/\/www.subseason.com\/de\/wp-json\/wp\/v2\/comments?post=534"}],"version-history":[{"count":4,"href":"https:\/\/www.subseason.com\/de\/wp-json\/wp\/v2\/pages\/534\/revisions"}],"predecessor-version":[{"id":2109,"href":"https:\/\/www.subseason.com\/de\/wp-json\/wp\/v2\/pages\/534\/revisions\/2109"}],"wp:featuredmedia":[{"embeddable":true,"href":"https:\/\/www.subseason.com\/de\/wp-json\/wp\/v2\/media\/138"}],"wp:attachment":[{"href":"https:\/\/www.subseason.com\/de\/wp-json\/wp\/v2\/media?parent=534"}],"curies":[{"name":"wp","href":"https:\/\/api.w.org\/{rel}","templated":true}]}}