{"id":559,"date":"2020-11-11T14:40:45","date_gmt":"2020-11-11T13:40:45","guid":{"rendered":"https:\/\/wpsubseason.virtus3-projekti.com\/?page_id=559"},"modified":"2021-04-11T18:56:42","modified_gmt":"2021-04-11T16:56:42","slug":"ueber-uns","status":"publish","type":"page","link":"https:\/\/www.subseason.com\/de\/ueber-uns\/","title":{"rendered":"\u00dcber uns"},"content":{"rendered":"<p>SUBSEASON Diving Mali Lo\u0161inj &#8211; SSI Instructor Training Center das Tauchzentrum f\u00fcr Tauchlehrer befindet sich auf der idyllischen Insel Lo\u0161inj eine der Adriaperlen, in der Stadt Mali Lo\u0161inj welche haupts\u00e4chlich auf der Ostseite der Insel liegt. Direkt im Stadthafen im Herzen des Stadtzentrums befindet sich das Tauchzentrum f\u00fcr alle Taucher und diese die es werden wollen. Wir bieten eine grosse Auswahl an SSI Kursen an welche alle Bed\u00fcrfnisse abdecken. Es stimmt zwar, dass das Wissen, die F\u00e4higkeiten und die Techniken die Sie beherrschen m\u00fcssen dieselben sind, diese k\u00f6nnen aber auf unterschiedliche Art und Weise erlernt werden.<\/p>\n<p>Wer sind wir<\/p>\n<p>Unter der Leitung des internationalen SSI-Ausbilder und Trainer Neno Star\u010di\u0107 bilden Sicherheitsstandards, Qualitat und Unterrichtserfahrung die Grundlage auf der SUBSEASON basiert. SUBSEASON bietet eine breite Palette an Sporttauch-Kursen an, erweitert und baut diese kontinuierlich aus, um diese auf professioneller Ebene zu halten. Mit einer soliden Philosophie nicht nur Tauchkurse zu halten, sondern gute Taucher auszubilden basiert unsere Ausbildung auf Kursen von SSI Dive Guide bis zum Assistant Instructor Trainer Kurs.<\/p>\n<p>Sie k\u00f6nnen sicher sein, dass Sie von einem autorisierten SSI-Partner bestens vorbereitet und auf hohen Niveau geschult werden. SSI ist offensichtlich eine Bezeichnung der man in der Welt des Tauchens vertrauen kann und wir f\u00fchren diesen Erfolg auf unseren kompromisslosen Standard und unsere fokussierte Methodik zur\u00fcck.<\/p>\n<p>Der Leiter und Inhaber dieses ITC, Neno Star\u010di\u0107 mit mehr als 30 j\u00e4hriger Taucherfahrung sorgt auch daf\u00fcr dass jeder Tauchsch\u00fcler die beste Ausbildung und unvergessene Tauchg\u00e4nge hat. Mit SSI und Neno als Tauchguide sind Sie in den besten H\u00e4nden, um Ihre Tauchabenteuer und vieles mehr zu geniessen&#8230;<\/p>\n<p>Entdecke eine neue Welt! Geniesse die Freiheit ins unendliche Blau zu tauchen! Erlebe neue Abenteuer und erkunde unentdeckte Welten. Neue Freunde treffen! Tauchen ist viel einfacher als Sie denken! Machen Sie sich bereit f\u00fcr eine neue Herausforderung und tauchen Sie ein in eine neue Welt! Tauchen ist ein wunderbarer Sport bietet Ihnen von aufregenden bis entspannenden Tauchg\u00e4ngen alles.<\/p>\n<p>Wir bei SSI lernen Sie nicht nur das Tauchen, sondern wir lernen Sie es zu lieben. SSI zu erlernen und alle Tauchg\u00e4nge werden zu grossen Erlebnissen mit viel Spass.<\/p>\n<p>&nbsp;<\/p>\n<p>&nbsp;<\/p>\n<p><img loading=\"lazy\" decoding=\"async\" class=\"aligncenter wp-image-1153\" src=\"http:\/\/www.subseason.com\/wp-content\/uploads\/2021\/04\/image-o-nama-300x216.jpg\" alt=\"\" width=\"600\" height=\"432\" srcset=\"https:\/\/www.subseason.com\/wp-content\/uploads\/2021\/04\/image-o-nama-300x216.jpg 300w, https:\/\/www.subseason.com\/wp-content\/uploads\/2021\/04\/image-o-nama-1024x738.jpg 1024w, https:\/\/www.subseason.com\/wp-content\/uploads\/2021\/04\/image-o-nama-768x553.jpg 768w, https:\/\/www.subseason.com\/wp-content\/uploads\/2021\/04\/image-o-nama-1536x1107.jpg 1536w, https:\/\/www.subseason.com\/wp-content\/uploads\/2021\/04\/image-o-nama-2048x1476.jpg 2048w, https:\/\/www.subseason.com\/wp-content\/uploads\/2021\/04\/image-o-nama-600x432.jpg 600w\" sizes=\"auto, (max-width: 600px) 100vw, 600px\" \/><\/p>\n<p><img loading=\"lazy\" decoding=\"async\" class=\"aligncenter wp-image-1447 size-large\" src=\"http:\/\/www.subseason.com\/wp-content\/uploads\/2021\/04\/poster-o-nama-729x1024.jpg\" alt=\"\" width=\"640\" height=\"899\" srcset=\"https:\/\/www.subseason.com\/wp-content\/uploads\/2021\/04\/poster-o-nama-729x1024.jpg 729w, https:\/\/www.subseason.com\/wp-content\/uploads\/2021\/04\/poster-o-nama-214x300.jpg 214w, https:\/\/www.subseason.com\/wp-content\/uploads\/2021\/04\/poster-o-nama-768x1079.jpg 768w, https:\/\/www.subseason.com\/wp-content\/uploads\/2021\/04\/poster-o-nama-1093x1536.jpg 1093w, https:\/\/www.subseason.com\/wp-content\/uploads\/2021\/04\/poster-o-nama-1458x2048.jpg 1458w, https:\/\/www.subseason.com\/wp-content\/uploads\/2021\/04\/poster-o-nama-600x843.jpg 600w, https:\/\/www.subseason.com\/wp-content\/uploads\/2021\/04\/poster-o-nama-scaled.jpg 1822w\" sizes=\"auto, (max-width: 640px) 100vw, 640px\" \/><\/p>\n<p><img loading=\"lazy\" decoding=\"async\" class=\"aligncenter wp-image-1490 size-full\" src=\"http:\/\/www.subseason.com\/wp-content\/uploads\/2021\/04\/logos.jpg\" alt=\"\" width=\"600\" height=\"148\" srcset=\"https:\/\/www.subseason.com\/wp-content\/uploads\/2021\/04\/logos.jpg 600w, https:\/\/www.subseason.com\/wp-content\/uploads\/2021\/04\/logos-300x74.jpg 300w\" sizes=\"auto, (max-width: 600px) 100vw, 600px\" \/><\/p>\n","protected":false},"excerpt":{"rendered":"<p>SUBSEASON Diving Mali Lo\u0161inj &#8211; SSI Instructor Training Center das Tauchzentrum f\u00fcr Tauchlehrer befindet sich auf der idyllischen Insel Lo\u0161inj eine der Adriaperlen, in der Stadt Mali Lo\u0161inj welche haupts\u00e4chlich auf der Ostseite der Insel liegt. Direkt im Stadthafen im Herzen des Stadtzentrums befindet sich das Tauchzentrum f\u00fcr alle Taucher und diese die es werden [&hellip;]<\/p>\n","protected":false},"author":1,"featured_media":2136,"parent":0,"menu_order":0,"comment_status":"closed","ping_status":"closed","template":"template-onama.php","meta":{"_acf_changed":false,"inline_featured_image":false,"footnotes":""},"class_list":["post-559","page","type-page","status-publish","has-post-thumbnail","hentry"],"acf":[],"_links":{"self":[{"href":"https:\/\/www.subseason.com\/de\/wp-json\/wp\/v2\/pages\/559","targetHints":{"allow":["GET"]}}],"collection":[{"href":"https:\/\/www.subseason.com\/de\/wp-json\/wp\/v2\/pages"}],"about":[{"href":"https:\/\/www.subseason.com\/de\/wp-json\/wp\/v2\/types\/page"}],"author":[{"embeddable":true,"href":"https:\/\/www.subseason.com\/de\/wp-json\/wp\/v2\/users\/1"}],"replies":[{"embeddable":true,"href":"https:\/\/www.subseason.com\/de\/wp-json\/wp\/v2\/comments?post=559"}],"version-history":[{"count":10,"href":"https:\/\/www.subseason.com\/de\/wp-json\/wp\/v2\/pages\/559\/revisions"}],"predecessor-version":[{"id":1938,"href":"https:\/\/www.subseason.com\/de\/wp-json\/wp\/v2\/pages\/559\/revisions\/1938"}],"wp:featuredmedia":[{"embeddable":true,"href":"https:\/\/www.subseason.com\/de\/wp-json\/wp\/v2\/media\/2136"}],"wp:attachment":[{"href":"https:\/\/www.subseason.com\/de\/wp-json\/wp\/v2\/media?parent=559"}],"curies":[{"name":"wp","href":"https:\/\/api.w.org\/{rel}","templated":true}]}}