{"id":836,"date":"2020-11-11T14:40:45","date_gmt":"2020-11-11T13:40:45","guid":{"rendered":"https:\/\/wpsubseason.virtus3-projekti.com\/o-nama\/"},"modified":"2021-04-11T17:36:18","modified_gmt":"2021-04-11T15:36:18","slug":"about-us","status":"publish","type":"page","link":"https:\/\/www.subseason.com\/en\/about-us\/","title":{"rendered":"About us"},"content":{"rendered":"<p>SUBSEASON Diving Mali Lo\u0161inj &#8211; SSI Scuba Schools International Instructor Training Dive Center is based on the idyllic island Lo\u0161inj, one of the pearls of the Adriatic sea in town Mali Lo\u0161inj which lies mostly on the eastern, sunny side of the island.<\/p>\n<p>Headed by Scuba Schools International Instructor Trainer Neno Star\u010di\u0107, standards of safety &amp; quality of Instructional experience are the fundamental base on which SUBSEASON Diving is founded. Offering a wide variety of recreational scuba diving courses, SUBSEASON is developing &amp; adding courses continuously to complement our professional level programs with a solid philosophy of not just conducting dive courses but creating good divers.<\/p>\n<p>Our professional level training from SSI Dive Guide to Assistant Instructor Trainer are producing high quality &amp; highly respected professionals who have gone on to find employment in their dreams jobs.<\/p>\n<p>To offer our divers a wide range of choice and better suit your needs we offer SSI Courses. While it\u2019s true that the science, skills and techniques that you need to master are all the same, there are differences in the ways this can be taught.<br \/>\nYou can be confident in the high caliber of training you will receive from the SSI authorized Partner. SSI is clearly a name to trust in the diving world, and we attribute that success to our uncompromising standards and focused methodology.<\/p>\n<p>Dive leader and owner of this ITC Neno Star\u010di\u0107, which have more than 30 years of experience in diving buissiness is also responsable that every student is given the best scuba training and has the ultimate scuba experience every time. With SSI and Neno as a dive leader you are in good hand to enjoy in your scuba dive adventures and more\u2026<\/p>\n<p>Discover a new world! Enjoy the freedom of gliding through the blue! Experience new adventures and explore undiscovered worlds. Make new friends! Scuba Diving is much easier than you might think! Be ready to enjoy a new challenge and dive into a new world! Scuba diving is a wonderful sport that offers everything from heart-pumping action to quiet relaxation.<\/p>\n<p>At SSI, we don\u2019t want you to just learn to dive; we want you to love to dive. You will love learning the SSI way, because we make every step of your scuba experience fun!<\/p>\n<p>Philosofy of SSI<br \/>\nThe Diver Diamond represents the four critical components necessary for successful diver development; proper knowledge, proper skills, proper equipment, and proper experience.<\/p>\n<p>Diving Center<br \/>\nWe aimed to create a small yet professional and friendly dive centre which offers a high quality of tuition and service. We wanted to create a dive centre that we would like to dive in. You are welcome to come in, have a look around and meet the team.<\/p>\n<p><img loading=\"lazy\" decoding=\"async\" class=\"aligncenter wp-image-1152\" src=\"http:\/\/www.subseason.com\/wp-content\/uploads\/2021\/04\/image-o-nama-300x216.jpg\" alt=\"\" width=\"600\" height=\"432\" srcset=\"https:\/\/www.subseason.com\/wp-content\/uploads\/2021\/04\/image-o-nama-300x216.jpg 300w, https:\/\/www.subseason.com\/wp-content\/uploads\/2021\/04\/image-o-nama-1024x738.jpg 1024w, https:\/\/www.subseason.com\/wp-content\/uploads\/2021\/04\/image-o-nama-768x553.jpg 768w, https:\/\/www.subseason.com\/wp-content\/uploads\/2021\/04\/image-o-nama-1536x1107.jpg 1536w, https:\/\/www.subseason.com\/wp-content\/uploads\/2021\/04\/image-o-nama-2048x1476.jpg 2048w, https:\/\/www.subseason.com\/wp-content\/uploads\/2021\/04\/image-o-nama-600x432.jpg 600w\" sizes=\"auto, (max-width: 600px) 100vw, 600px\" \/><\/p>\n<p><img loading=\"lazy\" decoding=\"async\" class=\"aligncenter wp-image-1446 size-large\" src=\"http:\/\/www.subseason.com\/wp-content\/uploads\/2021\/04\/poster-o-nama-729x1024.jpg\" alt=\"\" width=\"640\" height=\"899\" srcset=\"https:\/\/www.subseason.com\/wp-content\/uploads\/2021\/04\/poster-o-nama-729x1024.jpg 729w, https:\/\/www.subseason.com\/wp-content\/uploads\/2021\/04\/poster-o-nama-214x300.jpg 214w, https:\/\/www.subseason.com\/wp-content\/uploads\/2021\/04\/poster-o-nama-768x1079.jpg 768w, https:\/\/www.subseason.com\/wp-content\/uploads\/2021\/04\/poster-o-nama-1093x1536.jpg 1093w, https:\/\/www.subseason.com\/wp-content\/uploads\/2021\/04\/poster-o-nama-1458x2048.jpg 1458w, https:\/\/www.subseason.com\/wp-content\/uploads\/2021\/04\/poster-o-nama-600x843.jpg 600w, https:\/\/www.subseason.com\/wp-content\/uploads\/2021\/04\/poster-o-nama-scaled.jpg 1822w\" sizes=\"auto, (max-width: 640px) 100vw, 640px\" \/><\/p>\n<p><img loading=\"lazy\" decoding=\"async\" class=\"aligncenter wp-image-1489 size-full\" src=\"http:\/\/www.subseason.com\/wp-content\/uploads\/2021\/04\/logos.jpg\" alt=\"\" width=\"600\" height=\"148\" srcset=\"https:\/\/www.subseason.com\/wp-content\/uploads\/2021\/04\/logos.jpg 600w, https:\/\/www.subseason.com\/wp-content\/uploads\/2021\/04\/logos-300x74.jpg 300w\" sizes=\"auto, (max-width: 600px) 100vw, 600px\" \/><\/p>\n","protected":false},"excerpt":{"rendered":"<p>SUBSEASON Diving Mali Lo\u0161inj &#8211; SSI Scuba Schools International Instructor Training Dive Center is based on the idyllic island Lo\u0161inj, one of the pearls of the Adriatic sea in town Mali Lo\u0161inj which lies mostly on the eastern, sunny side of the island. Headed by Scuba Schools International Instructor Trainer Neno Star\u010di\u0107, standards of safety [&hellip;]<\/p>\n","protected":false},"author":1,"featured_media":2135,"parent":0,"menu_order":0,"comment_status":"closed","ping_status":"closed","template":"template-onama.php","meta":{"_acf_changed":false,"inline_featured_image":false,"footnotes":""},"class_list":["post-836","page","type-page","status-publish","has-post-thumbnail","hentry"],"acf":[],"_links":{"self":[{"href":"https:\/\/www.subseason.com\/en\/wp-json\/wp\/v2\/pages\/836","targetHints":{"allow":["GET"]}}],"collection":[{"href":"https:\/\/www.subseason.com\/en\/wp-json\/wp\/v2\/pages"}],"about":[{"href":"https:\/\/www.subseason.com\/en\/wp-json\/wp\/v2\/types\/page"}],"author":[{"embeddable":true,"href":"https:\/\/www.subseason.com\/en\/wp-json\/wp\/v2\/users\/1"}],"replies":[{"embeddable":true,"href":"https:\/\/www.subseason.com\/en\/wp-json\/wp\/v2\/comments?post=836"}],"version-history":[{"count":10,"href":"https:\/\/www.subseason.com\/en\/wp-json\/wp\/v2\/pages\/836\/revisions"}],"predecessor-version":[{"id":1924,"href":"https:\/\/www.subseason.com\/en\/wp-json\/wp\/v2\/pages\/836\/revisions\/1924"}],"wp:featuredmedia":[{"embeddable":true,"href":"https:\/\/www.subseason.com\/en\/wp-json\/wp\/v2\/media\/2135"}],"wp:attachment":[{"href":"https:\/\/www.subseason.com\/en\/wp-json\/wp\/v2\/media?parent=836"}],"curies":[{"name":"wp","href":"https:\/\/api.w.org\/{rel}","templated":true}]}}