{"id":23,"date":"2020-11-11T14:40:45","date_gmt":"2020-11-11T13:40:45","guid":{"rendered":"https:\/\/wpsubseason.virtus3-projekti.com\/?page_id=23"},"modified":"2021-04-20T13:39:40","modified_gmt":"2021-04-20T11:39:40","slug":"o-nama","status":"publish","type":"page","link":"https:\/\/www.subseason.com\/hr\/o-nama\/","title":{"rendered":"O nama"},"content":{"rendered":"<p>SUBSEASON Diving Mali Lo\u0161inj \u2013 SSI Instructor Training Centar-ronila\u010dki centar za obuku instruktora nalazi se na idili\u010dnom otoku Lo\u0161inju, jednom od bisera jadranskog mora u gradi\u0107u Malom Lo\u0161inju, koji le\u017ei uglavnom na isto\u010dnoj, sun\u010danoj strani otoka. Ronila\u010dki centar se nalazi u samom centru grada, u korijenu luke na usluzi svim trenutnim i budu\u0107im roniocima.<br \/>\nDa bismo na\u0161im roniocima ponudili \u0161irok spektar izbora i bolje odgovarali va\u0161im potrebama, nudimo SSI te\u010dajeve. Iako je istina da su znanost, vje\u0161tine i tehnike koje trebate svladati jednake, postoje razlike u na\u010dinima na koje se to mo\u017ee podu\u010davati.<\/p>\n<p>Na \u010delu s SSI me\u0111unarodnim trenerom instruktora Nenom Star\u010di\u0107em, standardi sigurnosti i kvalitete nastavnog iskustva temeljna su osnova na kojoj se temelji SUBSEASON. Nude\u0107i \u0161iroku paletu rekreativnih te\u010dajeva ronjenja, SUBSEASON kontinuirano razvija i dodaje te\u010dajeve kako bi nadopunio na\u0161e programe na profesionalnoj razini. Uz solidnu filozofiju ne samo provo\u0111enja ronila\u010dkih te\u010dajeva, ve\u0107 i stvaranja dobrih ronilaca, na\u0161a se profesionalna obuka temelji na te\u010dajevima od SSI Dive Guide do Assistent Instructor Trainer te\u010daja.<\/p>\n<p>Mo\u017eete biti sigurni u vrhunsku pripremu i visoku razinu obuke koju \u0107ete dobiti od ovla\u0161tenog SSI partnera. SSI je pouzdano ime kojemu treba vjerovati u svijetu ronjenja, a taj uspjeh pripisujemo na\u0161im beskompromisnim standardima i usmjerenoj metodologiji.<\/p>\n<p>Voditelj i vlasnik ovog ITC-a Neno Star\u010di\u0107, koji ima vi\u0161e od 30 godina iskustva u ronjenju, tako\u0111er je odgovoran \u0161to svaki student ima najbolji trening ronjenja i svaki put ima vrhunsko iskustvo ronjenja. Uz SSI i Nena kao voditelja ronjenja, u dobrim ste rukama za u\u017eivanje u va\u0161im ronila\u010dkim avanturama i jo\u0161 mnogo toga &#8230;<\/p>\n<p>Otkrijte novi svijet! U\u017eivajte u slobodi kretanja kroz plavo! Do\u017eivite nove avanture i istra\u017eite neotkrivene svjetove. Upoznajte nove prijatelje! Ronjenje je puno lak\u0161e nego \u0161to mislite! Budite spremni u\u017eivati \u200b\u200bu novom izazovu i zaroniti u novi svijet! Ronjenje je predivan sport koji nudi sve, od sr\u010dane akcije do tihog opu\u0161tanja.<\/p>\n<p>U SSI-u ne \u017eelimo samo da nau\u010dite roniti ve\u0107 \u017eelimo da zavolite roniti. Svidjet \u0107e vam se u\u010denje na SSI na\u010din, jer svaki korak va\u0161eg iskustva s ronjenjem \u010dinimo zabavnim!<\/p>\n<p><img loading=\"lazy\" decoding=\"async\" class=\"aligncenter wp-image-1151\" src=\"http:\/\/www.subseason.com\/wp-content\/uploads\/2021\/04\/image-o-nama-300x216.jpg\" alt=\"\" width=\"600\" height=\"432\" srcset=\"https:\/\/www.subseason.com\/wp-content\/uploads\/2021\/04\/image-o-nama-300x216.jpg 300w, https:\/\/www.subseason.com\/wp-content\/uploads\/2021\/04\/image-o-nama-1024x738.jpg 1024w, https:\/\/www.subseason.com\/wp-content\/uploads\/2021\/04\/image-o-nama-768x553.jpg 768w, https:\/\/www.subseason.com\/wp-content\/uploads\/2021\/04\/image-o-nama-1536x1107.jpg 1536w, https:\/\/www.subseason.com\/wp-content\/uploads\/2021\/04\/image-o-nama-2048x1476.jpg 2048w, https:\/\/www.subseason.com\/wp-content\/uploads\/2021\/04\/image-o-nama-600x432.jpg 600w\" sizes=\"auto, (max-width: 600px) 100vw, 600px\" \/><\/p>\n<p><img loading=\"lazy\" decoding=\"async\" class=\"aligncenter wp-image-1445 size-large\" src=\"http:\/\/www.subseason.com\/wp-content\/uploads\/2021\/04\/poster-o-nama-729x1024.jpg\" alt=\"\" width=\"640\" height=\"899\" srcset=\"https:\/\/www.subseason.com\/wp-content\/uploads\/2021\/04\/poster-o-nama-729x1024.jpg 729w, https:\/\/www.subseason.com\/wp-content\/uploads\/2021\/04\/poster-o-nama-214x300.jpg 214w, https:\/\/www.subseason.com\/wp-content\/uploads\/2021\/04\/poster-o-nama-768x1079.jpg 768w, https:\/\/www.subseason.com\/wp-content\/uploads\/2021\/04\/poster-o-nama-1093x1536.jpg 1093w, https:\/\/www.subseason.com\/wp-content\/uploads\/2021\/04\/poster-o-nama-1458x2048.jpg 1458w, https:\/\/www.subseason.com\/wp-content\/uploads\/2021\/04\/poster-o-nama-600x843.jpg 600w, https:\/\/www.subseason.com\/wp-content\/uploads\/2021\/04\/poster-o-nama-scaled.jpg 1822w\" sizes=\"auto, (max-width: 640px) 100vw, 640px\" \/><\/p>\n<p><img loading=\"lazy\" decoding=\"async\" class=\"aligncenter wp-image-1488 size-full\" src=\"http:\/\/www.subseason.com\/wp-content\/uploads\/2021\/04\/logos.jpg\" alt=\"\" width=\"600\" height=\"148\" srcset=\"https:\/\/www.subseason.com\/wp-content\/uploads\/2021\/04\/logos.jpg 600w, https:\/\/www.subseason.com\/wp-content\/uploads\/2021\/04\/logos-300x74.jpg 300w\" sizes=\"auto, (max-width: 600px) 100vw, 600px\" \/><\/p>\n<p>&nbsp;<\/p>\n","protected":false},"excerpt":{"rendered":"<p>SUBSEASON Diving Mali Lo\u0161inj \u2013 SSI Instructor Training Centar-ronila\u010dki centar za obuku instruktora nalazi se na idili\u010dnom otoku Lo\u0161inju, jednom od bisera jadranskog mora u gradi\u0107u Malom Lo\u0161inju, koji le\u017ei uglavnom na isto\u010dnoj, sun\u010danoj strani otoka. Ronila\u010dki centar se nalazi u samom centru grada, u korijenu luke na usluzi svim trenutnim i budu\u0107im roniocima. Da [&hellip;]<\/p>\n","protected":false},"author":1,"featured_media":2134,"parent":0,"menu_order":0,"comment_status":"closed","ping_status":"closed","template":"template-onama.php","meta":{"_acf_changed":false,"inline_featured_image":false,"footnotes":""},"class_list":["post-23","page","type-page","status-publish","has-post-thumbnail","hentry"],"acf":[],"_links":{"self":[{"href":"https:\/\/www.subseason.com\/hr\/wp-json\/wp\/v2\/pages\/23","targetHints":{"allow":["GET"]}}],"collection":[{"href":"https:\/\/www.subseason.com\/hr\/wp-json\/wp\/v2\/pages"}],"about":[{"href":"https:\/\/www.subseason.com\/hr\/wp-json\/wp\/v2\/types\/page"}],"author":[{"embeddable":true,"href":"https:\/\/www.subseason.com\/hr\/wp-json\/wp\/v2\/users\/1"}],"replies":[{"embeddable":true,"href":"https:\/\/www.subseason.com\/hr\/wp-json\/wp\/v2\/comments?post=23"}],"version-history":[{"count":27,"href":"https:\/\/www.subseason.com\/hr\/wp-json\/wp\/v2\/pages\/23\/revisions"}],"predecessor-version":[{"id":1937,"href":"https:\/\/www.subseason.com\/hr\/wp-json\/wp\/v2\/pages\/23\/revisions\/1937"}],"wp:featuredmedia":[{"embeddable":true,"href":"https:\/\/www.subseason.com\/hr\/wp-json\/wp\/v2\/media\/2134"}],"wp:attachment":[{"href":"https:\/\/www.subseason.com\/hr\/wp-json\/wp\/v2\/media?parent=23"}],"curies":[{"name":"wp","href":"https:\/\/api.w.org\/{rel}","templated":true}]}}