{"id":25,"date":"2020-11-11T14:40:58","date_gmt":"2020-11-11T13:40:58","guid":{"rendered":"https:\/\/wpsubseason.virtus3-projekti.com\/?page_id=25"},"modified":"2025-12-30T19:37:51","modified_gmt":"2025-12-30T18:37:51","slug":"cijene","status":"publish","type":"page","link":"https:\/\/www.subseason.com\/hr\/cijene\/","title":{"rendered":"Cijene"},"content":{"rendered":"<p><strong>Skinite dokument i pogledajte na\u0161u ponudu.<\/strong><\/p>\n<p><span style=\"color: #202124\"><span style=\"font-family: arial, sans-serif\"><span style=\"font-size: medium\">SUBSEASON-Diving Mali Lo\u0161inj je pravo mjesto koje \u0107e vam pomo\u0107i da na najbolji na\u010din iskoristite svoje slobodno vrijeme kroz kvalitetnu uslugu ronjenja, a mi smo sigurni da \u0107emo zadovoljiti sve va\u0161e potrebe i o\u010dekivanja. <\/span><\/span><\/span><\/p>\n","protected":false},"excerpt":{"rendered":"<p>Skinite dokument i pogledajte na\u0161u ponudu. SUBSEASON-Diving Mali Lo\u0161inj je pravo mjesto koje \u0107e vam pomo\u0107i da na najbolji na\u010din iskoristite svoje slobodno vrijeme kroz kvalitetnu uslugu ronjenja, a mi smo sigurni da \u0107emo zadovoljiti sve va\u0161e potrebe i o\u010dekivanja.<\/p>\n","protected":false},"author":1,"featured_media":1739,"parent":0,"menu_order":0,"comment_status":"closed","ping_status":"closed","template":"page-default.php","meta":{"_acf_changed":false,"inline_featured_image":false,"footnotes":""},"class_list":["post-25","page","type-page","status-publish","has-post-thumbnail","hentry"],"acf":[],"_links":{"self":[{"href":"https:\/\/www.subseason.com\/hr\/wp-json\/wp\/v2\/pages\/25","targetHints":{"allow":["GET"]}}],"collection":[{"href":"https:\/\/www.subseason.com\/hr\/wp-json\/wp\/v2\/pages"}],"about":[{"href":"https:\/\/www.subseason.com\/hr\/wp-json\/wp\/v2\/types\/page"}],"author":[{"embeddable":true,"href":"https:\/\/www.subseason.com\/hr\/wp-json\/wp\/v2\/users\/1"}],"replies":[{"embeddable":true,"href":"https:\/\/www.subseason.com\/hr\/wp-json\/wp\/v2\/comments?post=25"}],"version-history":[{"count":29,"href":"https:\/\/www.subseason.com\/hr\/wp-json\/wp\/v2\/pages\/25\/revisions"}],"predecessor-version":[{"id":2489,"href":"https:\/\/www.subseason.com\/hr\/wp-json\/wp\/v2\/pages\/25\/revisions\/2489"}],"wp:featuredmedia":[{"embeddable":true,"href":"https:\/\/www.subseason.com\/hr\/wp-json\/wp\/v2\/media\/1739"}],"wp:attachment":[{"href":"https:\/\/www.subseason.com\/hr\/wp-json\/wp\/v2\/media?parent=25"}],"curies":[{"name":"wp","href":"https:\/\/api.w.org\/{rel}","templated":true}]}}