{"id":46,"date":"2020-11-12T10:17:36","date_gmt":"2020-11-12T09:17:36","guid":{"rendered":"https:\/\/wpsubseason.virtus3-projekti.com\/?page_id=46"},"modified":"2021-04-15T09:53:52","modified_gmt":"2021-04-15T07:53:52","slug":"naslovna","status":"publish","type":"page","link":"https:\/\/www.subseason.com\/hr\/","title":{"rendered":"Naslovna"},"content":{"rendered":"<div class=\"city-text hidden visible animated fadeIn\">\n<h2>Lo\u0161inj<\/h2>\n<p>Blaga klima, bogata bioraznolikost, ugodna atmosfera te 250 kulturno zabavnih manifestacija \u2013 samo su neki od epiteta zahvaljuju\u0107i kojima se lo\u0161injski arhipelag na svjetskom tr\u017ei\u0161tu pozicionirao kao Otok vitalnosti. Tradicija zdravstvenog turizma dulja od 125 godina va\u017ean je segment ponude, a kombinacija mirisa guste borove \u0161ume i ljekovitog bilja te aerosoli mora kreiraju jedinstvenu aromaterapiju na otvorenom.<\/p>\n<p>More visoke kakvo\u0107e i zrak prve kvalitete s vi\u0161e od 200 sun\u010danih dana godi\u0161nje s 1018 biljnih vrsta od kojih 939 pripada autohtonoj flori, Lo\u0161inj \u010dini aromaterapeutskim sredi\u0161tem i destinacijom vitalnosti, zdravstvenog turizma, ekolo\u0161ki osvije\u0161tenog i modernog odredi\u0161ta.<\/p>\n<\/div>\n","protected":false},"excerpt":{"rendered":"<p>Lo\u0161inj Blaga klima, bogata bioraznolikost, ugodna atmosfera te 250 kulturno zabavnih manifestacija \u2013 samo su neki od epiteta zahvaljuju\u0107i kojima se lo\u0161injski arhipelag na svjetskom tr\u017ei\u0161tu pozicionirao kao Otok vitalnosti. Tradicija zdravstvenog turizma dulja od 125 godina va\u017ean je segment ponude, a kombinacija mirisa guste borove \u0161ume i ljekovitog bilja te aerosoli mora kreiraju jedinstvenu [&hellip;]<\/p>\n","protected":false},"author":1,"featured_media":136,"parent":0,"menu_order":0,"comment_status":"closed","ping_status":"closed","template":"front-page.php","meta":{"_acf_changed":false,"inline_featured_image":false,"footnotes":""},"class_list":["post-46","page","type-page","status-publish","has-post-thumbnail","hentry"],"acf":[],"_links":{"self":[{"href":"https:\/\/www.subseason.com\/hr\/wp-json\/wp\/v2\/pages\/46","targetHints":{"allow":["GET"]}}],"collection":[{"href":"https:\/\/www.subseason.com\/hr\/wp-json\/wp\/v2\/pages"}],"about":[{"href":"https:\/\/www.subseason.com\/hr\/wp-json\/wp\/v2\/types\/page"}],"author":[{"embeddable":true,"href":"https:\/\/www.subseason.com\/hr\/wp-json\/wp\/v2\/users\/1"}],"replies":[{"embeddable":true,"href":"https:\/\/www.subseason.com\/hr\/wp-json\/wp\/v2\/comments?post=46"}],"version-history":[{"count":15,"href":"https:\/\/www.subseason.com\/hr\/wp-json\/wp\/v2\/pages\/46\/revisions"}],"predecessor-version":[{"id":2084,"href":"https:\/\/www.subseason.com\/hr\/wp-json\/wp\/v2\/pages\/46\/revisions\/2084"}],"wp:featuredmedia":[{"embeddable":true,"href":"https:\/\/www.subseason.com\/hr\/wp-json\/wp\/v2\/media\/136"}],"wp:attachment":[{"href":"https:\/\/www.subseason.com\/hr\/wp-json\/wp\/v2\/media?parent=46"}],"curies":[{"name":"wp","href":"https:\/\/api.w.org\/{rel}","templated":true}]}}